{"id":522,"date":"2025-11-21T08:24:12","date_gmt":"2025-11-21T08:24:12","guid":{"rendered":"https:\/\/alinava.estaciondiseno.es\/?page_id=522"},"modified":"2025-12-12T13:10:35","modified_gmt":"2025-12-12T13:10:35","slug":"inicio","status":"publish","type":"page","link":"https:\/\/alinava.estaciondiseno.es\/","title":{"rendered":""},"content":{"rendered":"\t\t<div data-elementor-type=\"wp-page\" data-elementor-id=\"522\" class=\"elementor elementor-522\" data-elementor-post-type=\"page\">\n\t\t\t\t<div class=\"elementor-element elementor-element-b7379f4 e-flex e-con-boxed e-con e-parent\" data-id=\"b7379f4\" data-element_type=\"container\">\n\t\t\t\t\t<div class=\"e-con-inner\">\n\t\t<div class=\"elementor-element elementor-element-5fa6508 e-con-full e-flex e-con e-child\" data-id=\"5fa6508\" data-element_type=\"container\">\n\t\t\t\t<div class=\"elementor-element elementor-element-6792a99 elementor-widget elementor-widget-heading\" data-id=\"6792a99\" data-element_type=\"widget\" data-widget_type=\"heading.default\">\n\t\t\t\t<div class=\"elementor-widget-container\">\n\t\t\t\t\t<h2 class=\"elementor-heading-title elementor-size-default\">alinava<\/h2>\t\t\t\t<\/div>\n\t\t\t\t<\/div>\n\t\t\t\t<\/div>\n\t\t<div class=\"elementor-element elementor-element-4693e92 e-con-full e-flex e-con e-child\" data-id=\"4693e92\" data-element_type=\"container\" data-settings=\"{&quot;background_background&quot;:&quot;video&quot;,&quot;background_play_on_mobile&quot;:&quot;yes&quot;}\">\n\t\t\t\t<\/div>\n\t\t\t\t\t<\/div>\n\t\t\t\t<\/div>\n\t\t<div class=\"elementor-element elementor-element-b29c34b e-flex e-con-boxed e-con e-parent\" data-id=\"b29c34b\" data-element_type=\"container\">\n\t\t\t\t\t<div class=\"e-con-inner\">\n\t\t<div class=\"elementor-element elementor-element-d27f12c e-con-full e-flex e-con e-child\" data-id=\"d27f12c\" data-element_type=\"container\">\n\t\t\t\t<\/div>\n\t\t<div class=\"elementor-element elementor-element-735e2c2 e-con-full e-flex e-con e-child\" data-id=\"735e2c2\" data-element_type=\"container\">\n\t\t\t\t<\/div>\n\t\t\t\t\t<\/div>\n\t\t\t\t<\/div>\n\t\t<div class=\"elementor-element elementor-element-d43d6c0 e-flex e-con-boxed e-con e-parent\" data-id=\"d43d6c0\" data-element_type=\"container\">\n\t\t\t\t\t<div class=\"e-con-inner\">\n\t\t\t\t<div class=\"elementor-element elementor-element-a274066 elementor-widget__width-auto elementor-widget elementor-widget-heading\" data-id=\"a274066\" data-element_type=\"widget\" data-widget_type=\"heading.default\">\n\t\t\t\t<div class=\"elementor-widget-container\">\n\t\t\t\t\t<h2 class=\"elementor-heading-title elementor-size-default\">alinava<\/h2>\t\t\t\t<\/div>\n\t\t\t\t<\/div>\n\t\t\t\t\t<\/div>\n\t\t\t\t<\/div>\n\t\t<div class=\"elementor-element elementor-element-c848578 e-flex e-con-boxed e-con e-parent\" data-id=\"c848578\" data-element_type=\"container\">\n\t\t\t\t\t<div class=\"e-con-inner\">\n\t\t\t\t<div class=\"elementor-element elementor-element-868caab elementor-widget elementor-widget-image\" data-id=\"868caab\" data-element_type=\"widget\" data-widget_type=\"image.default\">\n\t\t\t\t<div class=\"elementor-widget-container\">\n\t\t\t\t\t\t\t\t\t\t\t\t\t\t\t<img decoding=\"async\" src=\"https:\/\/alinava.estaciondiseno.es\/wp-content\/uploads\/2025\/11\/Ilustracion_sin_titulo-4.mp4\" title=\"\" alt=\"\" loading=\"lazy\" \/>\t\t\t\t\t\t\t\t\t\t\t\t\t\t\t<\/div>\n\t\t\t\t<\/div>\n\t\t\t\t\t<\/div>\n\t\t\t\t<\/div>\n\t\t<div class=\"elementor-element elementor-element-5e5d257 e-flex e-con-boxed e-con e-parent\" data-id=\"5e5d257\" data-element_type=\"container\">\n\t\t\t\t\t<div class=\"e-con-inner\">\n\t\t\t\t<div class=\"elementor-element elementor-element-f3634f2 elementor-widget elementor-widget-text-editor\" data-id=\"f3634f2\" data-element_type=\"widget\" data-widget_type=\"text-editor.default\">\n\t\t\t\t<div class=\"elementor-widget-container\">\n\t\t\t\t\t\t\t\t\t<p>\u00a1Bienvenid@ a mi portfolio!<\/p>\t\t\t\t\t\t\t\t<\/div>\n\t\t\t\t<\/div>\n\t\t\t\t\t<\/div>\n\t\t\t\t<\/div>\n\t\t<div class=\"elementor-element elementor-element-894f460 e-flex e-con-boxed e-con e-parent\" data-id=\"894f460\" data-element_type=\"container\" data-settings=\"{&quot;background_background&quot;:&quot;classic&quot;}\">\n\t\t\t\t\t<div class=\"e-con-inner\">\n\t\t\t\t<div class=\"elementor-element elementor-element-7d6cdc8 elementor-widget elementor-widget-text-editor\" data-id=\"7d6cdc8\" data-element_type=\"widget\" data-widget_type=\"text-editor.default\">\n\t\t\t\t<div class=\"elementor-widget-container\">\n\t\t\t\t\t\t\t\t\t<p style=\"text-align: right;\">\u00a1Hola! Mi nombre es Ali<\/p><p style=\"text-align: right;\">y estoy en mi \u00faltimo a\u00f1o de Dise\u00f1o Gr\u00e1fico.<\/p><p style=\"text-align: right;\">Me paso el d\u00eda saltando entre ilustraci\u00f3n,<\/p><p style=\"text-align: right;\">animaci\u00f3n 2D y motion graphics porque\u00a0<\/p><p style=\"text-align: right;\">elegir solo una ser\u00eda demasiado aburrido.<br data-start=\"631\" data-end=\"634\" \/>Me gustan los proyectos que mezclan color,<\/p><p style=\"text-align: right;\">ritmo e ideas raras que acaban teniendo sentido.<\/p><p style=\"text-align: right;\">Sigo aprendiendo, probando cosas nuevas y acumulando<\/p><p style=\"text-align: right;\">archivos llamados \u201cversi\u00f3n_final_FINAL_ahora_s\u00ed\u201d.<\/p><p style=\"text-align: right;\">\u00a0<\/p>\t\t\t\t\t\t\t\t<\/div>\n\t\t\t\t<\/div>\n\t\t\t\t\t<\/div>\n\t\t\t\t<\/div>\n\t\t<div class=\"elementor-element elementor-element-b055b4f e-grid e-con-boxed e-con e-parent\" data-id=\"b055b4f\" data-element_type=\"container\">\n\t\t\t\t\t<div class=\"e-con-inner\">\n\t\t<div class=\"elementor-element elementor-element-1baac0b e-con-full e-flex e-con e-child\" data-id=\"1baac0b\" data-element_type=\"container\" data-settings=\"{&quot;background_background&quot;:&quot;classic&quot;}\">\n\t\t\t\t<\/div>\n\t\t<div class=\"elementor-element elementor-element-99b5fb0 e-con-full e-flex e-con e-child\" data-id=\"99b5fb0\" data-element_type=\"container\" data-settings=\"{&quot;background_background&quot;:&quot;classic&quot;}\">\n\t\t\t\t<\/div>\n\t\t<div class=\"elementor-element elementor-element-bb4a8f8 e-con-full e-flex e-con e-child\" data-id=\"bb4a8f8\" data-element_type=\"container\" data-settings=\"{&quot;background_background&quot;:&quot;classic&quot;}\">\n\t\t\t\t<\/div>\n\t\t\t\t\t<\/div>\n\t\t\t\t<\/div>\n\t\t<div class=\"elementor-element elementor-element-84c2fef e-grid e-con-boxed e-con e-parent\" data-id=\"84c2fef\" data-element_type=\"container\">\n\t\t\t\t\t<div class=\"e-con-inner\">\n\t\t<div class=\"elementor-element elementor-element-1c311f6 e-con-full e-flex e-con e-child\" data-id=\"1c311f6\" data-element_type=\"container\" data-settings=\"{&quot;background_background&quot;:&quot;classic&quot;}\">\n\t\t\t\t<\/div>\n\t\t<div class=\"elementor-element elementor-element-3616527 e-con-full e-flex e-con e-child\" data-id=\"3616527\" data-element_type=\"container\" data-settings=\"{&quot;background_background&quot;:&quot;classic&quot;}\">\n\t\t\t\t<\/div>\n\t\t<div class=\"elementor-element elementor-element-c614144 e-con-full e-flex e-con e-child\" data-id=\"c614144\" data-element_type=\"container\" data-settings=\"{&quot;background_background&quot;:&quot;classic&quot;}\">\n\t\t\t\t<\/div>\n\t\t\t\t\t<\/div>\n\t\t\t\t<\/div>\n\t\t<div class=\"elementor-element elementor-element-a8e1da7 e-grid e-con-boxed e-con e-parent\" data-id=\"a8e1da7\" data-element_type=\"container\">\n\t\t\t\t\t<div class=\"e-con-inner\">\n\t\t<div class=\"elementor-element elementor-element-362717e e-con-full e-flex e-con e-child\" data-id=\"362717e\" data-element_type=\"container\" data-settings=\"{&quot;background_background&quot;:&quot;video&quot;}\">\n\t\t\t\t<\/div>\n\t\t\t\t<div class=\"elementor-element elementor-element-545bf2e elementor-widget elementor-widget-video\" data-id=\"545bf2e\" data-element_type=\"widget\" data-settings=\"{&quot;video_type&quot;:&quot;hosted&quot;,&quot;autoplay&quot;:&quot;yes&quot;,&quot;loop&quot;:&quot;yes&quot;}\" data-widget_type=\"video.default\">\n\t\t\t\t<div class=\"elementor-widget-container\">\n\t\t\t\t\t\t\t<div class=\"e-hosted-video elementor-wrapper elementor-open-inline\">\n\t\t\t\t\t<video class=\"elementor-video\" src=\"https:\/\/alinava.estaciondiseno.es\/wp-content\/uploads\/2025\/12\/MP4.mp4\" autoplay=\"\" loop=\"\" controlsList=\"nodownload\"><\/video>\n\t\t\t\t<\/div>\n\t\t\t\t\t\t<\/div>\n\t\t\t\t<\/div>\n\t\t\t\t\t<\/div>\n\t\t\t\t<\/div>\n\t\t<div class=\"elementor-element elementor-element-19f50b6 e-flex e-con-boxed e-con e-parent\" data-id=\"19f50b6\" data-element_type=\"container\">\n\t\t\t\t\t<div class=\"e-con-inner\">\n\t\t\t\t<div class=\"elementor-element elementor-element-c0df7ea elementor-widget elementor-widget-video\" data-id=\"c0df7ea\" data-element_type=\"widget\" data-settings=\"{&quot;video_type&quot;:&quot;hosted&quot;,&quot;autoplay&quot;:&quot;yes&quot;,&quot;loop&quot;:&quot;yes&quot;}\" data-widget_type=\"video.default\">\n\t\t\t\t<div class=\"elementor-widget-container\">\n\t\t\t\t\t\t\t<div class=\"e-hosted-video elementor-wrapper elementor-open-inline\">\n\t\t\t\t\t<video class=\"elementor-video\" src=\"https:\/\/alinava.estaciondiseno.es\/wp-content\/uploads\/2025\/12\/MP4.mp4\" autoplay=\"\" loop=\"\" controlsList=\"nodownload\"><\/video>\n\t\t\t\t<\/div>\n\t\t\t\t\t\t<\/div>\n\t\t\t\t<\/div>\n\t\t\t\t\t<\/div>\n\t\t\t\t<\/div>\n\t\t\t\t<\/div>\n\t\t","protected":false},"excerpt":{"rendered":"<p>alinava alinava \u00a1Bienvenid@ a mi portfolio! \u00a1Hola! Mi nombre es Ali y estoy en mi \u00faltimo a\u00f1o de Dise\u00f1o Gr\u00e1fico. Me paso el d\u00eda saltando entre ilustraci\u00f3n, animaci\u00f3n 2D y motion graphics porque\u00a0 elegir solo una ser\u00eda demasiado aburrido.Me gustan los proyectos que mezclan color, ritmo e ideas raras que acaban teniendo sentido. Sigo aprendiendo, [&hellip;]<\/p>\n","protected":false},"author":2,"featured_media":0,"parent":0,"menu_order":0,"comment_status":"closed","ping_status":"closed","template":"","meta":{"footnotes":""},"class_list":["post-522","page","type-page","status-publish","hentry"],"_links":{"self":[{"href":"https:\/\/alinava.estaciondiseno.es\/index.php\/wp-json\/wp\/v2\/pages\/522","targetHints":{"allow":["GET"]}}],"collection":[{"href":"https:\/\/alinava.estaciondiseno.es\/index.php\/wp-json\/wp\/v2\/pages"}],"about":[{"href":"https:\/\/alinava.estaciondiseno.es\/index.php\/wp-json\/wp\/v2\/types\/page"}],"author":[{"embeddable":true,"href":"https:\/\/alinava.estaciondiseno.es\/index.php\/wp-json\/wp\/v2\/users\/2"}],"replies":[{"embeddable":true,"href":"https:\/\/alinava.estaciondiseno.es\/index.php\/wp-json\/wp\/v2\/comments?post=522"}],"version-history":[{"count":261,"href":"https:\/\/alinava.estaciondiseno.es\/index.php\/wp-json\/wp\/v2\/pages\/522\/revisions"}],"predecessor-version":[{"id":844,"href":"https:\/\/alinava.estaciondiseno.es\/index.php\/wp-json\/wp\/v2\/pages\/522\/revisions\/844"}],"wp:attachment":[{"href":"https:\/\/alinava.estaciondiseno.es\/index.php\/wp-json\/wp\/v2\/media?parent=522"}],"curies":[{"name":"wp","href":"https:\/\/api.w.org\/{rel}","templated":true}]}}